{"id":2,"date":"2009-06-05T09:51:39","date_gmt":"2009-06-05T13:51:39","guid":{"rendered":"http:\/\/www.beamotos.com.ar\/?page_id=2"},"modified":"2009-07-05T19:21:21","modified_gmt":"2009-07-05T23:21:21","slug":"informacion","status":"publish","type":"page","link":"https:\/\/www.beamotos.com.ar\/?page_id=2","title":{"rendered":"ACERCA DE BEA"},"content":{"rendered":"<p><img decoding=\"async\" loading=\"lazy\" class=\"alignleft\" src=\"http:\/\/www.beamotos.com.ar\/images\/vinieta.jpg\" alt=\"\" width=\"95\" height=\"107\" \/>efinir a Bea como empresa ser\u00eda poco elocuente,\u00a0 BEA es en realidad la consecuencia de la pasi\u00f3n por las motos antiguas y objetos de otros tiempos devenidos en un proyecto comercial que apunta a regenerar recursos para seguir fomentando en nosotros la posibilidad de sentirnos extremadamente felices por haber conseguido UNA PIEZA tal como definimos a los art\u00edculos in\u00e9ditos o raros. Bea como espacio f\u00edsico es para nosotros un lugar donde volvemos a ser ni\u00f1os, j\u00f3venes, o donde nos enontramos de pronto con sentimientos propios que no conoc\u00edamos.<br \/>\nEn el sentido m\u00e1s ideal Bea es un remanso, es la idea de devolverle a nuestros clientes y amigos en cada visita, en cada ocasi\u00f3n la posibilidad de regocijarse, de regalarse, de devolverse a s\u00ed mismo alg\u00fan objeto a\u00f1orado, alg\u00fan tesoro que lo conecta con tiempos que se fueron. Y en eso estamos d\u00eda a d\u00eda, en el desaf\u00edo de sorprender y sorprendernos, desde una moto, un juguete o lo que sea, volvernos locos por algo que no ten\u00edamos, devolverle sentimiento o agreg\u00e1rselo\u00a0 a cada objeto que vamos consiguiendo.<\/p>\n","protected":false},"excerpt":{"rendered":"<p>efinir a Bea como empresa ser\u00eda poco elocuente,\u00a0 BEA es en realidad la consecuencia de la pasi\u00f3n por las motos antiguas y objetos de otros tiempos devenidos en un proyecto comercial que apunta a regenerar recursos para seguir fomentando en nosotros la posibilidad de sentirnos extremadamente felices por haber conseguido UNA PIEZA tal como definimos [&hellip;]<\/p>\n","protected":false},"author":1,"featured_media":0,"parent":0,"menu_order":0,"comment_status":"open","ping_status":"open","template":"","meta":[],"_links":{"self":[{"href":"https:\/\/www.beamotos.com.ar\/index.php?rest_route=\/wp\/v2\/pages\/2"}],"collection":[{"href":"https:\/\/www.beamotos.com.ar\/index.php?rest_route=\/wp\/v2\/pages"}],"about":[{"href":"https:\/\/www.beamotos.com.ar\/index.php?rest_route=\/wp\/v2\/types\/page"}],"author":[{"embeddable":true,"href":"https:\/\/www.beamotos.com.ar\/index.php?rest_route=\/wp\/v2\/users\/1"}],"replies":[{"embeddable":true,"href":"https:\/\/www.beamotos.com.ar\/index.php?rest_route=%2Fwp%2Fv2%2Fcomments&post=2"}],"version-history":[{"count":5,"href":"https:\/\/www.beamotos.com.ar\/index.php?rest_route=\/wp\/v2\/pages\/2\/revisions"}],"predecessor-version":[{"id":1563,"href":"https:\/\/www.beamotos.com.ar\/index.php?rest_route=\/wp\/v2\/pages\/2\/revisions\/1563"}],"wp:attachment":[{"href":"https:\/\/www.beamotos.com.ar\/index.php?rest_route=%2Fwp%2Fv2%2Fmedia&parent=2"}],"curies":[{"name":"wp","href":"https:\/\/api.w.org\/{rel}","templated":true}]}}